

{"id":795,"date":"2022-12-15T07:42:16","date_gmt":"2022-12-15T07:42:16","guid":{"rendered":"https:\/\/siuindustry.com\/about-siu\/"},"modified":"2023-01-11T02:30:15","modified_gmt":"2023-01-11T02:30:15","slug":"about-us","status":"publish","type":"page","link":"https:\/\/siuindustry.com\/vi\/about-siu\/","title":{"rendered":"Gi\u1edbi thi\u1ec7u"},"content":{"rendered":"<p>&nbsp;<\/p>\n<p>\u0110\u1ec3 gi\u00fap c\u00e1c c\u00f4ng ty v\u00e0 nh\u00e0 s\u1ea3n xu\u1ea5t trong ng\u00e0nh c\u00f4ng nghi\u1ec7p ch\u1ebf bi\u1ebfn c\u1ea3i thi\u1ec7n \u0111\u1ed9 tin c\u1eady v\u00e0 hi\u1ec7u qu\u1ea3 c\u1ee7a c\u00e1c n\u1ec1n t\u1ea3ng thi\u1ebft b\u1ecb quay, c\u1ed1 \u0111\u1ecbnh v\u00e0 n\u0103ng l\u01b0\u1ee3ng l\u1ecfng c\u1ee7a h\u1ecd. Ch\u00fang t\u00f4i \u0111\u01b0\u1ee3c bi\u1ebft \u0111\u1ebfn trong nhi\u1ec1u ng\u00e0nh c\u00f4ng nghi\u1ec7p nh\u1edd c\u00e1c gi\u1ea3i ph\u00e1p l\u00e0m k\u00edn van v\u00e0 m\u00e1y b\u01a1m t\u1eebng \u0111o\u1ea1t gi\u1ea3i th\u01b0\u1edfng, ki\u1ebfn th\u1ee9c chuy\u00ean m\u00f4n v\u1ec1 \u1ee9ng d\u1ee5ng, c\u00e1c s\u1ea3n ph\u1ea9m b\u1ea3o tr\u00ec v\u00e0 ch\u1ed1ng m\u00e0i m\u00f2n thi\u1ebft b\u1ecb c\u0169ng nh\u01b0 d\u1ecbch v\u1ee5 t\u1ea1i \u0111\u1ecba ph\u01b0\u01a1ng c\u00f3 hi\u1ec3u bi\u1ebft.<\/p>\n<p>&nbsp;<\/p>\n<p><strong>Th\u00e0nh l\u1eadp: <\/strong>n\u0103m 2008 t\u1ea1i H\u1ed3 Ch\u00ed Minh, Vi\u1ec7t Nam<\/p>\n<p><strong>Tr\u1ee5 s\u1edf: <\/strong>C\u00f4ng ty TNHH SIU , Th\u00e0nh ph\u1ed1 H\u1ed3 Ch\u00ed Minh, Vi\u1ec7t Nam<\/p>\n<p><strong>\u200bNh\u00e2n vi\u00ean: <\/strong>10<\/p>\n","protected":false},"excerpt":{"rendered":"<p>&nbsp; \u0110\u1ec3 gi\u00fap c\u00e1c c\u00f4ng ty v\u00e0 nh\u00e0 s\u1ea3n xu\u1ea5t trong ng\u00e0nh c\u00f4ng nghi\u1ec7p ch\u1ebf bi\u1ebfn c\u1ea3i thi\u1ec7n \u0111\u1ed9 tin c\u1eady v\u00e0 hi\u1ec7u qu\u1ea3 c\u1ee7a c\u00e1c n\u1ec1n t\u1ea3ng thi\u1ebft b\u1ecb quay, c\u1ed1 \u0111\u1ecbnh v\u00e0 n\u0103ng l\u01b0\u1ee3ng l\u1ecfng c\u1ee7a h\u1ecd. Ch\u00fang t\u00f4i \u0111\u01b0\u1ee3c bi\u1ebft \u0111\u1ebfn trong nhi\u1ec1u ng\u00e0nh c\u00f4ng nghi\u1ec7p nh\u1edd c\u00e1c gi\u1ea3i ph\u00e1p l\u00e0m k\u00edn [&hellip;]<\/p>\n","protected":false},"author":1,"featured_media":1126,"parent":0,"menu_order":0,"comment_status":"closed","ping_status":"closed","template":"templates\/Introduce.php","meta":[],"acf":[],"_links":{"self":[{"href":"https:\/\/siuindustry.com\/vi\/wp-json\/wp\/v2\/pages\/795"}],"collection":[{"href":"https:\/\/siuindustry.com\/vi\/wp-json\/wp\/v2\/pages"}],"about":[{"href":"https:\/\/siuindustry.com\/vi\/wp-json\/wp\/v2\/types\/page"}],"author":[{"embeddable":true,"href":"https:\/\/siuindustry.com\/vi\/wp-json\/wp\/v2\/users\/1"}],"replies":[{"embeddable":true,"href":"https:\/\/siuindustry.com\/vi\/wp-json\/wp\/v2\/comments?post=795"}],"version-history":[{"count":4,"href":"https:\/\/siuindustry.com\/vi\/wp-json\/wp\/v2\/pages\/795\/revisions"}],"predecessor-version":[{"id":1252,"href":"https:\/\/siuindustry.com\/vi\/wp-json\/wp\/v2\/pages\/795\/revisions\/1252"}],"wp:featuredmedia":[{"embeddable":true,"href":"https:\/\/siuindustry.com\/vi\/wp-json\/wp\/v2\/media\/1126"}],"wp:attachment":[{"href":"https:\/\/siuindustry.com\/vi\/wp-json\/wp\/v2\/media?parent=795"}],"curies":[{"name":"wp","href":"https:\/\/api.w.org\/{rel}","templated":true}]}}